{"id":15608,"date":"2017-06-16T10:54:31","date_gmt":"2017-06-16T08:54:31","guid":{"rendered":"http:\/\/wtw1.home.pl\/www_wtwnowa\/?page_id=15608"},"modified":"2025-12-21T21:19:54","modified_gmt":"2025-12-21T20:19:54","slug":"historia","status":"publish","type":"page","link":"https:\/\/wpserwis.cfolks.pl\/r2\/historia\/","title":{"rendered":"Historia"},"content":{"rendered":"<h2>WTW Dzisiaj<\/h2>\n<p>Nasze Towarzystwo dzia\u0142a obecnie w zmienionych warunkach. Nie ma ju\u017c przydzia\u0142owego sponsora w postaci sp\u00f3\u0142dzielczo\u015bci. Utrzymuje si\u0119 g\u0142\u00f3wnie z w\u0142asnych dochod\u00f3w. Otrzymuje te\u017c dotacje na dzia\u0142alno\u015b\u0107 sportow\u0105 m\u0142odzie\u017cy. Nadal sport, a szczeg\u00f3lnie wio\u015blarstwo jest najwa\u017cniejsz\u0105 dziedzin\u0105 dzia\u0142alno\u015bci. Turystyka i rekreacja s\u0105 finansowane samodzielnie przez cz\u0142onk\u00f3w Towarzystwa.<\/p>\n<p>Na dw\u00f3ch przystaniach w Warszawie (OSW Zaruski i OSW Wio\u015blarska) dzia\u0142aj\u0105 wio\u015blarze i kajakarze, w OSW Marina nad Zalewem Zegrzy\u0144skim \u2013 \u017ceglarze.<\/p>\n<p>Towarzystwo uzyskuje coraz lepsze wyniki sportowe, szczeg\u00f3lnie w wio\u015blarstwie. Minione sezony, s\u0105 najlepszymi pod wzgl\u0119dem sportowym w ca\u0142ej powojennej historii WTW. Spekatkularne sukcesy w najwi\u0119kszych wio\u015blarskich imprezach globu, pozwalaj\u0105 nam m\u00f3wi\u0107, \u017ce w WTW mamy wio\u015blarstwo na \u015bwiatowym poziomie! Na krajowym podw\u00f3rku z imprez we wszystkich kategoriach wiekowych, nasi zawodnicy przywo\u017c\u0105 rokrocznie worek medali. Obecnie WTW jest jednym z najlepszych wio\u015blarskich klub\u00f3w w Polsce. <\/p>\n<p>Systematycznie kupowany jest nowy sprz\u0119t dla sekcji. Rozwijana jest akcja naboru m\u0142odzie\u017cy. Wymierne korzy\u015bci daje wsp\u00f3\u0142praca z licznymi partnerami, o kt\u00f3rych nieustannie zabiega WTW. Prowadzona jest bezp\u0142atna nauka wios\u0142owania dla najm\u0142odszych mieszka\u0144c\u00f3w Warszawy. Organizowane s\u0105 imprezy propaguj\u0105ce sport i turystyk\u0119 wodn\u0105, w tym regaty na Wi\u015ble oraz na Zalewie Zegrzy\u0144skim. <\/p>\n<p>Wyniki WTW wp\u0142ywaj\u0105 na nieprzerwany prymat Warszawy, w klasyfikacji generalnej miast i powiat\u00f3w w og\u00f3lnopolskim \u201eSystemie Sportu M\u0142odzie\u017cowego\u201d oraz Mazowsza w klasyfikacji wojew\u00f3dztw.<\/p>\n<p>Weterani WTW staraj\u0105 si\u0119 przekazywa\u0107 nast\u0119pnym pokoleniom, najlepsze tradycje Towarzystwa, w my\u015bl naszego has\u0142a propagowanego od ponad stu lat: <strong>&#8222;Nasze has\u0142o, nasza bro\u0144: mi\u0142o\u015b\u0107, zgoda, bratnia d\u0142o\u0144&#8221;.<\/strong><\/p>\n<div class=\"video-container mb-5\">\n                <iframe \n                    src=\"https:\/\/www.youtube.com\/embed\/7ujFdHaFS5A\" \n                    title=\"YouTube video player\" \n                    frameborder=\"0\" \n                    allow=\"accelerometer; autoplay; clipboard-write; encrypted-media; gyroscope; picture-in-picture\" \n                    allowfullscreen>\n                <\/iframe>\n            <\/div>\n","protected":false},"excerpt":{"rendered":"<p>WTW Dzisiaj Nasze Towarzystwo dzia\u0142a obecnie w zmienionych warunkach. Nie ma ju\u017c przydzia\u0142owego sponsora w postaci sp\u00f3\u0142dzielczo\u015bci. Utrzymuje si\u0119 g\u0142\u00f3wnie z w\u0142asnych dochod\u00f3w. Otrzymuje te\u017c dotacje na dzia\u0142alno\u015b\u0107 sportow\u0105 m\u0142odzie\u017cy. Nadal sport, a szczeg\u00f3lnie wio\u015blarstwo jest najwa\u017cniejsz\u0105 dziedzin\u0105 dzia\u0142alno\u015bci. Turystyka i rekreacja s\u0105 finansowane samodzielnie przez cz\u0142onk\u00f3w Towarzystwa. Na dw\u00f3ch przystaniach w Warszawie (OSW Zaruski [&hellip;]<\/p>\n","protected":false},"author":1,"featured_media":37871,"parent":0,"menu_order":0,"comment_status":"closed","ping_status":"closed","template":"","meta":{"_acf_changed":false,"footnotes":""},"class_list":["post-15608","page","type-page","status-publish","has-post-thumbnail","hentry"],"acf":[],"_links":{"self":[{"href":"https:\/\/wpserwis.cfolks.pl\/r2\/wp-json\/wp\/v2\/pages\/15608","targetHints":{"allow":["GET"]}}],"collection":[{"href":"https:\/\/wpserwis.cfolks.pl\/r2\/wp-json\/wp\/v2\/pages"}],"about":[{"href":"https:\/\/wpserwis.cfolks.pl\/r2\/wp-json\/wp\/v2\/types\/page"}],"author":[{"embeddable":true,"href":"https:\/\/wpserwis.cfolks.pl\/r2\/wp-json\/wp\/v2\/users\/1"}],"replies":[{"embeddable":true,"href":"https:\/\/wpserwis.cfolks.pl\/r2\/wp-json\/wp\/v2\/comments?post=15608"}],"version-history":[{"count":15,"href":"https:\/\/wpserwis.cfolks.pl\/r2\/wp-json\/wp\/v2\/pages\/15608\/revisions"}],"predecessor-version":[{"id":38112,"href":"https:\/\/wpserwis.cfolks.pl\/r2\/wp-json\/wp\/v2\/pages\/15608\/revisions\/38112"}],"wp:featuredmedia":[{"embeddable":true,"href":"https:\/\/wpserwis.cfolks.pl\/r2\/wp-json\/wp\/v2\/media\/37871"}],"wp:attachment":[{"href":"https:\/\/wpserwis.cfolks.pl\/r2\/wp-json\/wp\/v2\/media?parent=15608"}],"curies":[{"name":"wp","href":"https:\/\/api.w.org\/{rel}","templated":true}]}}