{"id":18893,"date":"2017-09-26T19:13:06","date_gmt":"2017-09-26T17:13:06","guid":{"rendered":"http:\/\/www.wtw.waw.pl\/?page_id=18893"},"modified":"2017-09-26T19:13:06","modified_gmt":"2017-09-26T17:13:06","slug":"zeglarstwo-nabor","status":"publish","type":"page","link":"https:\/\/wpserwis.cfolks.pl\/r2\/zeglarstwo-nabor\/","title":{"rendered":"\u017beglarstwo &#8211; Nab\u00f3r"},"content":{"rendered":"<p>[vc_row css_animation=&#8221;&#8221; row_type=&#8221;row&#8221; use_row_as_full_screen_section=&#8221;no&#8221; type=&#8221;full_width&#8221; angled_section=&#8221;no&#8221; text_align=&#8221;left&#8221; background_image_as_pattern=&#8221;without_pattern&#8221;][vc_column width=&#8221;1\/2&#8243;][vc_gallery interval=&#8221;3&#8243; images=&#8221;36435,36436,36437,36438,36439&#8243; img_size=&#8221;full&#8221;][\/vc_column][vc_column width=&#8221;1\/2&#8243;][vc_empty_space][vc_empty_space][vc_single_image image=&#8221;36145&#8243; alignment=&#8221;center&#8221; qode_css_animation=&#8221;&#8221;][vc_column_text]<\/p>\n<p style=\"text-align: left;\">&nbsp;<\/p>\n<p style=\"text-align: left;\">&nbsp;<\/p>\n<p style=\"text-align: left;\">Sekcja Regatowa \u017beglarska WTW Warszawa, zaprasza na treningi dzieci w wieku 6 &#8211; 10 lat. Szkolenie prowadzimy na \u0142odziach klasy Optymist.<\/p>\n<p>&nbsp;<\/p>\n<p style=\"text-align: left;\">Poza \u017ceglarstwem, oferujemy wspania\u0142\u0105 przygod\u0119 na ca\u0142e \u017cycie, zabaw\u0119 i pozytywn\u0105 atmosfer\u0119.<\/p>\n<p>&nbsp;<\/p>\n<p style=\"text-align: left;\">Klub zapewnia wszystkim dzieciom trenuj\u0105cym, na pocz\u0105tkowym etapie, sprz\u0119t treningowy jak i asekuracyjny.&nbsp;<\/p>\n<p>&nbsp;<\/p>\n<p style=\"text-align: left;\">Kadr\u0119 szkoleniow\u0105 stanowi\u0105 zaanga\u017cowani instruktorzy \u201em\u0142odego pokolenia\u201d, medali\u015bci mistrzostw Polski.&nbsp;<\/p>\n<p style=\"text-align: left;\">&nbsp;<\/p>\n<p style=\"text-align: left;\">&nbsp;<\/p>\n<p style=\"text-align: left;\">&nbsp;<\/p>\n<p style=\"text-align: left;\">&nbsp;<\/p>\n<p>[\/vc_column_text][\/vc_column][\/vc_row][vc_row css_animation=&#8221;&#8221; row_type=&#8221;row&#8221; use_row_as_full_screen_section=&#8221;no&#8221; type=&#8221;full_width&#8221; angled_section=&#8221;no&#8221; text_align=&#8221;left&#8221; background_image_as_pattern=&#8221;without_pattern&#8221;][vc_column][vc_empty_space][vc_empty_space][vc_text_separator title=&#8221;TRENINGI&#8221; border=&#8221;no&#8221;][vc_empty_space][vc_empty_space][vc_row_inner row_type=&#8221;row&#8221; type=&#8221;full_width&#8221; text_align=&#8221;left&#8221; css_animation=&#8221;&#8221;][vc_column_inner width=&#8221;2\/3&#8243;][vc_empty_space][vc_empty_space][vc_column_text]<\/p>\n<p style=\"text-align: left;\">&nbsp;<\/p>\n<ul>\n<li style=\"text-align: left;\"><strong>kwiecie\u0144 &#8211; pa\u017adziernik<\/strong>:&nbsp; O\u015brodek Sport\u00f3w Wodnych \u201eMarina\u201d w Zegrzu Po\u0142udniowym przy ul. Warszawskiej 1.&nbsp;&nbsp;<\/li>\n<\/ul>\n<p>&nbsp; &nbsp; &nbsp; &nbsp; &nbsp; (zaj\u0119cia odbywaj\u0105 si\u0119 w soboty i niedziele w godzinach 10:00- 16:00)<\/p>\n<p>&nbsp;<\/p>\n<ul>\n<li style=\"text-align: left;\"><strong>listopad &#8211; marzec:<\/strong> sala gimnastyczna i basen (miejsce i godziny wg ustalonego harmonogramu)<\/li>\n<\/ul>\n<p style=\"text-align: left;\">&nbsp;<\/p>\n<p>[\/vc_column_text][vc_empty_space][vc_empty_space][button style=&quot;white&quot; target=&quot;_self&quot; hover_type=&quot;default&quot; text=&quot;DEKLARACJA JUNIOR&quot; link=&quot;https:\/\/wpserwis.cfolks.pl\/r2\/wp-content\/uploads\/2024\/02\/Deklaracja-JUNIOR-1.pdf%22][\/vc_column_inner][vc_column_inner width=&quot;1\/3&quot;][vc_single_image image=&quot;26911&quot; img_size=&quot;medium&quot; alignment=&quot;center&quot; qode_css_animation=&quot;&quot;][vc_empty_space][vc_column_text]<\/p>\n<p style=\"text-align: center;\">&nbsp;<\/p>\n<p style=\"text-align: center;\">TRENER:&nbsp; <strong>Maciej Lato<\/strong>&nbsp;<\/p>\n<p style=\"text-align: center;\">maciek@wtw.waw.pl<\/p>\n<p style=\"text-align: center;\">501-749-364<\/p>\n<p>[\/vc_column_text][\/vc_column_inner][\/vc_row_inner][vc_empty_space][vc_empty_space][vc_text_separator title=&#8221;OP\u0141ATY&#8221; border=&#8221;no&#8221;][vc_empty_space][vc_empty_space][\/vc_column][vc_column][\/vc_column][\/vc_row][vc_row css_animation=&#8221;&#8221; row_type=&#8221;row&#8221; use_row_as_full_screen_section=&#8221;no&#8221; type=&#8221;full_width&#8221; angled_section=&#8221;no&#8221; text_align=&#8221;left&#8221; background_image_as_pattern=&#8221;without_pattern&#8221;][vc_column][vc_column_text]&nbsp;<\/p>\n<p>*jednorazowa op\u0142ata wpisowa <strong>200 z\u0142<\/strong>&nbsp;<\/p>\n<p>&nbsp;<\/p>\n<p><strong>440 z\u0142<\/strong>&nbsp; \u2013 op\u0142ata miesi\u0119czna<\/p>\n<p>&nbsp;<\/p>\n<p>&nbsp;<\/p>\n<ul>\n<li>miesi\u0119czna sk\u0142adka cz\u0142onkowska dla zawodnik\u00f3w trenuj\u0105cych <strong>40 z\u0142 (uj\u0119ta w powy\u017cszym cenniku)<\/strong><\/li>\n<li>miesi\u0119czna sk\u0142adka cz\u0142onkowska dla zawodnik\u00f3w nietrenuj\u0105cych (d\u0142u\u017cej ni\u017c 3 miesi\u0105ce) <strong>120 z\u0142&nbsp;<\/strong><\/li>\n<\/ul>\n<p>&nbsp;<\/p>\n<p>Op\u0142aty wnoszone s\u0105 do 10-ego dnia ka\u017cdego miesi\u0105ca.<\/p>\n<p>System WTW co miesi\u0105c wysy\u0142a link do p\u0142atno\u015bci PayU , lub przelew tradycyjny na konto&nbsp;BNP Paribas 36 2030 0045 1110 0000 0198 1070[\/vc_column_text][vc_empty_space][vc_empty_space][vc_empty_space][vc_empty_space][lvca_spacer desktop_spacing=&#8221;50&#8243; tablet_width=&#8221;960&#8243; tablet_spacing=&#8221;30&#8243; mobile_width=&#8221;480&#8243; mobile_spacing=&#8221;10&#8243;][vc_text_separator title=&#8221;KARTA KLUBOWA&#8221; border=&#8221;no&#8221;][\/vc_column][\/vc_row][vc_row css_animation=&#8221;&#8221; row_type=&#8221;row&#8221; use_row_as_full_screen_section=&#8221;no&#8221; type=&#8221;full_width&#8221; angled_section=&#8221;no&#8221; text_align=&#8221;left&#8221; background_image_as_pattern=&#8221;without_pattern&#8221;][vc_column width=&#8221;2\/3&#8243;][vc_empty_space][vc_empty_space][vc_column_text]<\/p>\n<p style=\"text-align: center;\">Do wyrobienia karty klubowej, potrzebujemy Twojego zdj\u0119cia.<\/p>\n<p style=\"text-align: center;\">Wy\u015blij je do nas na: wtw@wtw.waw.pl.<\/p>\n<p style=\"text-align: center;\">Koszt wyrobienia karty klubowej<strong> 30 z\u0142<\/strong><\/p>\n<p>[\/vc_column_text][\/vc_column][vc_column width=&#8221;1\/3&#8243;][vc_empty_space][vc_single_image image=&#8221;36160&#8243; img_size=&#8221;medium&#8221; onclick=&#8221;link_image&#8221; qode_css_animation=&#8221;&#8221;][\/vc_column][vc_column][vc_empty_space][vc_empty_space][vc_separator type=&#8221;normal&#8221;][vc_empty_space][vc_empty_space][vc_single_image image=&#8221;33124&#8243; img_size=&#8221;full&#8221; alignment=&#8221;center&#8221; qode_css_animation=&#8221;&#8221;][vc_empty_space][vc_empty_space][\/vc_column][\/vc_row]<\/p>\n","protected":false},"excerpt":{"rendered":"<p>[vc_row css_animation=&#8221;&#8221; row_type=&#8221;row&#8221; use_row_as_full_screen_section=&#8221;no&#8221; type=&#8221;full_width&#8221; angled_section=&#8221;no&#8221; text_align=&#8221;left&#8221; background_image_as_pattern=&#8221;without_pattern&#8221;][vc_column width=&#8221;1\/2&#8243;][vc_gallery interval=&#8221;3&#8243; images=&#8221;36435,36436,36437,36438,36439&#8243; img_size=&#8221;full&#8221;][\/vc_column][vc_column width=&#8221;1\/2&#8243;][vc_empty_space][vc_empty_space][vc_single_image image=&#8221;36145&#8243; alignment=&#8221;center&#8221; qode_css_animation=&#8221;&#8221;][vc_column_text] &nbsp; &nbsp; Sekcja Regatowa \u017beglarska WTW Warszawa, zaprasza na treningi dzieci w wieku 6 &#8211; 10 lat. Szkolenie prowadzimy na \u0142odziach klasy Optymist. &nbsp; Poza \u017ceglarstwem, oferujemy wspania\u0142\u0105 przygod\u0119 na ca\u0142e \u017cycie, zabaw\u0119 i pozytywn\u0105 atmosfer\u0119. &nbsp; Klub zapewnia [&hellip;]<\/p>\n","protected":false},"author":1,"featured_media":0,"parent":0,"menu_order":1,"comment_status":"closed","ping_status":"closed","template":"","meta":{"_acf_changed":false,"footnotes":""},"class_list":["post-18893","page","type-page","status-publish","hentry"],"acf":[],"_links":{"self":[{"href":"https:\/\/wpserwis.cfolks.pl\/r2\/wp-json\/wp\/v2\/pages\/18893","targetHints":{"allow":["GET"]}}],"collection":[{"href":"https:\/\/wpserwis.cfolks.pl\/r2\/wp-json\/wp\/v2\/pages"}],"about":[{"href":"https:\/\/wpserwis.cfolks.pl\/r2\/wp-json\/wp\/v2\/types\/page"}],"author":[{"embeddable":true,"href":"https:\/\/wpserwis.cfolks.pl\/r2\/wp-json\/wp\/v2\/users\/1"}],"replies":[{"embeddable":true,"href":"https:\/\/wpserwis.cfolks.pl\/r2\/wp-json\/wp\/v2\/comments?post=18893"}],"version-history":[{"count":0,"href":"https:\/\/wpserwis.cfolks.pl\/r2\/wp-json\/wp\/v2\/pages\/18893\/revisions"}],"wp:attachment":[{"href":"https:\/\/wpserwis.cfolks.pl\/r2\/wp-json\/wp\/v2\/media?parent=18893"}],"curies":[{"name":"wp","href":"https:\/\/api.w.org\/{rel}","templated":true}]}}