{"id":18899,"date":"2017-09-26T19:14:45","date_gmt":"2017-09-26T17:14:45","guid":{"rendered":"http:\/\/www.wtw.waw.pl\/?page_id=18899"},"modified":"2017-09-26T19:14:45","modified_gmt":"2017-09-26T17:14:45","slug":"kajakarstwo-nabor","status":"publish","type":"page","link":"https:\/\/wpserwis.cfolks.pl\/r2\/kajakarstwo-nabor\/","title":{"rendered":"Kajakarstwo &#8211; nab\u00f3r"},"content":{"rendered":"<p>[vc_row css_animation=&#8221;&#8221; row_type=&#8221;row&#8221; use_row_as_full_screen_section=&#8221;no&#8221; type=&#8221;full_width&#8221; angled_section=&#8221;no&#8221; text_align=&#8221;left&#8221; background_image_as_pattern=&#8221;without_pattern&#8221;][vc_column][vc_column_text]<\/p>\n<p style=\"text-align: center;\">Sekcja kajakowa WTW Warszawa, zaprasza dziewcz\u0119ta i ch\u0142opc\u00f3w w wieku 10-16 lat<br \/>\nna zaj\u0119cia sportowe<\/p>\n<p>&nbsp;[\/vc_column_text][vc_empty_space][vc_empty_space][vc_empty_space][\/vc_column][\/vc_row][vc_row css_animation=&#8221;&#8221; row_type=&#8221;row&#8221; use_row_as_full_screen_section=&#8221;no&#8221; type=&#8221;full_width&#8221; angled_section=&#8221;no&#8221; text_align=&#8221;left&#8221; background_image_as_pattern=&#8221;without_pattern&#8221;][vc_column width=&#8221;1\/2&#8243;][vc_empty_space][vc_empty_space][vc_empty_space][vc_empty_space][vc_column_text]<strong>W RAMACH NASZYCH ZAJ\u0118\u0106 OFERUJEMY:<\/strong><\/p>\n<ul>\n<li>Nauk\u0119 p\u0142ywania na kajaku wyczynowym;<\/li>\n<li>Letnie i zimowe obozy sportowe;<\/li>\n<li>Udzia\u0142 w regatach kajakowych.<\/li>\n<\/ul>\n<p>&nbsp;<\/p>\n<p><strong>W OKRESIE ZIMOWYM:<\/strong><\/p>\n<ul>\n<li>Nauk\u0119 i doskonalenie p\u0142ywania \u2013 zaj\u0119cia na basenie p\u0142ywackim;<\/li>\n<li>Zaj\u0119cia og\u00f3lnorozwojowe na sali gimnastycznej;<\/li>\n<li>Zaj\u0119cia na si\u0142owni (dostosowane do potrzeb i mo\u017cliwo\u015bci dzieci ze szczeg\u00f3lnym uwzgl\u0119dnieniem \u0107wicze\u0144 korekcyjnych);<\/li>\n<li>Zaj\u0119cia na ergometrach kajakowych i wio\u015blarskich;<\/li>\n<li>Zaj\u0119cia w terenie (biegi, marszobiegi);<\/li>\n<li>Narciarstwo biegowe.<\/li>\n<\/ul>\n<p>&nbsp;<\/p>\n<p>Zapewniamy fachow\u0105 opiek\u0119 \u2013 wykwalifikowana kadra (instruktorzy sportu, trenerzy klasy mistrzowskiej), pe\u0142ne wyposa\u017cenie sprz\u0119towe (kajaki, wios\u0142a, kapoki); zabezpieczenie zaj\u0119\u0107 na akwenach otwartych przez motor\u00f3wk\u0119 i ratownika.<\/p>\n<p>&nbsp;[\/vc_column_text][\/vc_column][vc_column width=&#8221;1\/2&#8243;][vc_single_image image=&#8221;35792&#8243; img_size=&#8221;large&#8221; alignment=&#8221;right&#8221; onclick=&#8221;link_image&#8221; qode_css_animation=&#8221;&#8221;][\/vc_column][vc_column][vc_empty_space][vc_empty_space][vc_empty_space][vc_text_separator title=&#8221;TRENINGI&#8221; border=&#8221;no&#8221;][vc_empty_space][vc_empty_space][\/vc_column][\/vc_row][vc_row css_animation=&#8221;&#8221; row_type=&#8221;row&#8221; use_row_as_full_screen_section=&#8221;no&#8221; type=&#8221;full_width&#8221; angled_section=&#8221;no&#8221; text_align=&#8221;left&#8221; background_image_as_pattern=&#8221;without_pattern&#8221;][vc_column width=&#8221;1\/2&#8243;][vc_column_text]<\/p>\n<div class=\"wpb_text_column wpb_content_element \">\n<div class=\"wpb_wrapper\">\n<p>&nbsp;<\/p>\n<p><strong>Miejsce trening\u00f3w:<\/strong><\/p>\n<p>&nbsp;<\/p>\n<p>lato &#8211; O\u015aRODEK SPORT\u00d3W WODNYCH WTW ul. Zaruskiego 12 (Cypel Czerniakowski)<\/p>\n<p>zima &#8211; O\u015aRODEK SPORT\u00d3W WODNYCH ul. Wio\u015blarska 6<\/p>\n<\/div>\n<\/div>\n<p>&nbsp;<\/p>\n<div class=\"wpb_text_column wpb_content_element \">\n<div class=\"wpb_wrapper\">\n<p><strong>Godziny trening\u00f3w:<\/strong>&nbsp;<\/p>\n<p>&nbsp;<\/p>\n<p>poniedzia\u0142ek &#8211; pi\u0105tek godz. 16:00 &#8211; 18:00.&nbsp;<\/p>\n<p>sobota &#8211; niedziela godz. 10:00 &#8211; 12:00<\/p>\n<\/div>\n<\/div>\n<p><!--more--><\/p>\n<div class=\"vc_empty_space\">&nbsp;<\/div>\n<div>&nbsp;<\/div>\n<div>&nbsp;<\/div>\n<p>[\/vc_column_text][\/vc_column][vc_column width=&#8221;1\/2&#8243;][\/vc_column][vc_column][vc_empty_space][vc_empty_space][vc_empty_space][vc_text_separator title=&#8221;OP\u0141ATY&#8221; border=&#8221;no&#8221;][vc_empty_space][vc_empty_space][vc_column_text]<\/p>\n<div class=\"vc_empty_space\">\n<p>*pierwszy miesi\u0105c BEZP\u0141ATNIE (dotyczy m\u0142odzie\u017cy do 16-ego roku \u017cycia)&nbsp;<\/p>\n<p><strong>190 z\u0142<\/strong>&nbsp; \u2013 grupa naborowa \/ m\u0142odzik \/ junior m\u0142odszy (10-16 lat)<\/p>\n<p>&nbsp;<\/p>\n<p><strong>160 z\u0142<\/strong>&nbsp; \u2013 junior (17-18 lat)<\/p>\n<p>&nbsp;<\/p>\n<p><strong>120 z\u0142<\/strong>&nbsp; \u2013 m\u0142odzie\u017cowiec ( 19-22 lata ) , senior ( &gt;23 lat )<\/p>\n<p>&nbsp;<\/p>\n<ul>\n<li>miesi\u0119czna sk\u0142adka cz\u0142onkowska dla zawodnik\u00f3w trenuj\u0105cych <strong>40 z\u0142 (uj\u0119ta w powy\u017cszym cenniku)<\/strong><\/li>\n<li>miesi\u0119czna sk\u0142adka cz\u0142onkowska dla zawodnik\u00f3w nietrenuj\u0105cych (d\u0142u\u017cej ni\u017c 3 miesi\u0105ce) <strong>120 z\u0142&nbsp;<\/strong><\/li>\n<\/ul>\n<p>&nbsp;<\/p>\n<p>Op\u0142aty wnoszone s\u0105 do 10-ego dnia ka\u017cdego miesi\u0105ca.<\/p>\n<p>System WTW co miesi\u0105c wysy\u0142a link do p\u0142atno\u015bci PayU , lub przelew tradycyjny na konto&nbsp;BNP Paribas 36 2030 0045 1110 0000 0198 1070<\/p>\n<\/div>\n<div>&nbsp;<\/div>\n<p>[\/vc_column_text][vc_empty_space][vc_empty_space][\/vc_column][\/vc_row][vc_row css_animation=&quot;&quot; row_type=&quot;row&quot; use_row_as_full_screen_section=&quot;no&quot; type=&quot;full_width&quot; angled_section=&quot;no&quot; text_align=&quot;left&quot; background_image_as_pattern=&quot;without_pattern&quot;][vc_column width=&quot;1\/2&quot;][vc_empty_space][button size=&quot;big_large_full_width&quot; style=&quot;white&quot; target=&quot;_self&quot; hover_type=&quot;default&quot; link=&quot;https:\/\/wpserwis.cfolks.pl\/r2\/wp-content\/uploads\/2024\/02\/Deklaracja-JUNIOR-1.pdf&quot; text=&quot;DEKLARACJA JUNIOR&quot;][\/vc_column][vc_column width=&quot;1\/2&quot;][vc_empty_space][button size=&quot;big_large_full_width&quot; style=&quot;white&quot; target=&quot;_self&quot; hover_type=&quot;default&quot; text=&quot;TRENERZY&quot; link=&quot;https:\/\/wpserwis.cfolks.pl\/r2\/kajakarstwo-treningi\/%22][\/vc_column][\/vc_row][vc_row css_animation=&quot;&quot; row_type=&quot;row&quot; use_row_as_full_screen_section=&quot;no&quot; type=&quot;full_width&quot; angled_section=&quot;no&quot; text_align=&quot;left&quot; background_image_as_pattern=&quot;without_pattern&quot;][vc_column][vc_empty_space][vc_empty_space][vc_empty_space][vc_empty_space][\/vc_column][\/vc_row]<\/p>\n","protected":false},"excerpt":{"rendered":"<p>[vc_row css_animation=&#8221;&#8221; row_type=&#8221;row&#8221; use_row_as_full_screen_section=&#8221;no&#8221; type=&#8221;full_width&#8221; angled_section=&#8221;no&#8221; text_align=&#8221;left&#8221; background_image_as_pattern=&#8221;without_pattern&#8221;][vc_column][vc_column_text] Sekcja kajakowa WTW Warszawa, zaprasza dziewcz\u0119ta i ch\u0142opc\u00f3w w wieku 10-16 lat na zaj\u0119cia sportowe &nbsp;[\/vc_column_text][vc_empty_space][vc_empty_space][vc_empty_space][\/vc_column][\/vc_row][vc_row css_animation=&#8221;&#8221; row_type=&#8221;row&#8221; use_row_as_full_screen_section=&#8221;no&#8221; type=&#8221;full_width&#8221; angled_section=&#8221;no&#8221; text_align=&#8221;left&#8221; background_image_as_pattern=&#8221;without_pattern&#8221;][vc_column width=&#8221;1\/2&#8243;][vc_empty_space][vc_empty_space][vc_empty_space][vc_empty_space][vc_column_text]W RAMACH NASZYCH ZAJ\u0118\u0106 OFERUJEMY: Nauk\u0119 p\u0142ywania na kajaku wyczynowym; Letnie i zimowe obozy sportowe; Udzia\u0142 w regatach kajakowych. &nbsp; W OKRESIE ZIMOWYM: Nauk\u0119 [&hellip;]<\/p>\n","protected":false},"author":1,"featured_media":0,"parent":0,"menu_order":0,"comment_status":"closed","ping_status":"closed","template":"","meta":{"_acf_changed":false,"footnotes":""},"class_list":["post-18899","page","type-page","status-publish","hentry"],"acf":[],"_links":{"self":[{"href":"https:\/\/wpserwis.cfolks.pl\/r2\/wp-json\/wp\/v2\/pages\/18899","targetHints":{"allow":["GET"]}}],"collection":[{"href":"https:\/\/wpserwis.cfolks.pl\/r2\/wp-json\/wp\/v2\/pages"}],"about":[{"href":"https:\/\/wpserwis.cfolks.pl\/r2\/wp-json\/wp\/v2\/types\/page"}],"author":[{"embeddable":true,"href":"https:\/\/wpserwis.cfolks.pl\/r2\/wp-json\/wp\/v2\/users\/1"}],"replies":[{"embeddable":true,"href":"https:\/\/wpserwis.cfolks.pl\/r2\/wp-json\/wp\/v2\/comments?post=18899"}],"version-history":[{"count":0,"href":"https:\/\/wpserwis.cfolks.pl\/r2\/wp-json\/wp\/v2\/pages\/18899\/revisions"}],"wp:attachment":[{"href":"https:\/\/wpserwis.cfolks.pl\/r2\/wp-json\/wp\/v2\/media?parent=18899"}],"curies":[{"name":"wp","href":"https:\/\/api.w.org\/{rel}","templated":true}]}}