{"id":19128,"date":"2017-10-01T23:06:16","date_gmt":"2017-10-01T21:06:16","guid":{"rendered":"http:\/\/www.wtw.waw.pl\/?page_id=19128"},"modified":"2017-10-01T23:06:16","modified_gmt":"2017-10-01T21:06:16","slug":"wioslarstwo-treningi-2","status":"publish","type":"page","link":"https:\/\/wpserwis.cfolks.pl\/r2\/wioslarstwo-treningi-2\/","title":{"rendered":"Wio\u015blarstwo &#8211; treningi"},"content":{"rendered":"<p>[vc_row css_animation=&#8221;&#8221; row_type=&#8221;row&#8221; use_row_as_full_screen_section=&#8221;no&#8221; type=&#8221;full_width&#8221; angled_section=&#8221;no&#8221; text_align=&#8221;left&#8221; background_image_as_pattern=&#8221;without_pattern&#8221;][vc_column][vc_single_image image=&#8221;33237&#8243; img_size=&#8221;full&#8221; qode_css_animation=&#8221;&#8221;][\/vc_column][\/vc_row][vc_row css_animation=&#8221;&#8221; row_type=&#8221;row&#8221; use_row_as_full_screen_section=&#8221;no&#8221; type=&#8221;full_width&#8221; angled_section=&#8221;no&#8221; text_align=&#8221;left&#8221; background_image_as_pattern=&#8221;without_pattern&#8221;][vc_column][vc_empty_space][vc_empty_space][vc_column_text css=&#8221;.vc_custom_1754037203212{padding-top: 30px !important;}&#8221;]<\/p>\n<p style=\"text-align: center;\">&nbsp;<\/p>\n<h2 style=\"text-align: center;\"><strong>JAK ZAPISA\u0106 SI\u0118 NA TRENINGI ?<\/strong><\/h2>\n<h6 style=\"text-align: center;\"><strong><br \/>\n<\/strong>Miejsce trening\u00f3w, obiekty WTW: <span style=\"color: #000000;\"><a style=\"color: #000000;\" href=\"https:\/\/wpserwis.cfolks.pl\/r2\/przystan-wioslarska\/\">Wio\u015blarska 6<\/a><\/span>&nbsp; i&nbsp; <span style=\"color: #000000;\"><a style=\"color: #000000;\" href=\"https:\/\/wpserwis.cfolks.pl\/r2\/przystan-zaruskiego\/\">Zaruskiego 12<\/a><\/span> <strong><br \/>\n<\/strong><\/h6>\n<p style=\"text-align: center;\">&nbsp;<\/p>\n<p style=\"text-align: center;\">&nbsp;<\/p>\n<p style=\"text-align: center;\">&nbsp;<\/p>\n<p>[\/vc_column_text][vc_empty_space][vc_separator type=&#8221;normal&#8221;][vc_column_text]<\/p>\n<p style=\"text-align: center;\">miesi\u0119czny kurs nauki wios\u0142owania, 8 trening\u00f3w w miesi\u0105cu, dwa treningi w tygodniu<\/p>\n<p style=\"text-align: center;\">(treningi na basenie wio\u015blarskim, ergometrach, si\u0142owni, saunie i rzece Wi\u015ble)<\/p>\n<p style=\"text-align: center;\"><strong>cena: 490 z\u0142<\/strong><\/p>\n<p>[\/vc_column_text][\/vc_column][\/vc_row][vc_row css_animation=&#8221;&#8221; row_type=&#8221;row&#8221; use_row_as_full_screen_section=&#8221;no&#8221; type=&#8221;full_width&#8221; angled_section=&#8221;no&#8221; text_align=&#8221;left&#8221; background_image_as_pattern=&#8221;without_pattern&#8221;][vc_column width=&#8221;1\/2&#8243;][vc_single_image image=&#8221;36035&#8243; img_size=&#8221;medium&#8221; qode_css_animation=&#8221;&#8221;][\/vc_column][vc_column width=&#8221;1\/2&#8243;][vc_column_text css=&#8221;.vc_custom_1754036993041{padding-top: 30px !important;}&#8221; el_id=&#8221;tre&#8221;]<\/p>\n<p style=\"text-align: center;\">&nbsp;<\/p>\n<p style=\"text-align: left;\">1. wype\u0142nij deklaracj\u0119, podpisz i ode\u015blij skan na: wtw@wtw.waw.pl<\/p>\n<p>&nbsp;<\/p>\n<p style=\"text-align: left;\">[button size=&apos;&apos; style=&apos;&apos; text=&apos;DEKLARACJA &#8211; pobierz&apos; icon=&apos;&apos; icon_color=&apos;&apos; link=&apos;https:\/\/wpserwis.cfolks.pl\/r2\/wp-content\/uploads\/2024\/02\/Deklaracja-dla-amatorow.pdf&apos; target=&apos;_self&apos; color=&apos;&apos; hover_color=&apos;&apos; border_color=&apos;&apos; hover_border_color=&apos;&apos; background_color=&apos;&apos; hover_background_color=&apos;&apos; font_style=&apos;&apos; font_weight=&apos;&apos; text_align=&apos;&apos; margin=&apos;&apos;]<\/p>\n<p>&nbsp;<\/p>\n<div dir=\"auto\" style=\"text-align: left;\">2. na podstawie deklaracji rejestrujemy Ciebie w systemie<\/div>\n<div dir=\"auto\" style=\"text-align: left;\">3. otrzymujesz maila z linkiem do p\u0142atno\u015bci PayU<\/div>\n<div dir=\"auto\" style=\"text-align: left;\">4. widzimy si\u0119 na zaj\u0119ciach !&nbsp;<\/div>\n<div dir=\"auto\" style=\"text-align: left;\">(poniedzia\u0142ki i \u015brody o godzinie 19:00, siedziba WTW przy ul. Wio\u015blarskiej 6)<\/div>\n<div dir=\"auto\">&nbsp;<\/div>\n<p style=\"text-align: left;\">zabierz ze sob\u0105 str\u00f3j sportowy, buty na zmian\u0119, co\u015b do picia i dobry humor !<\/p>\n<p>&nbsp;<\/p>\n<p>* treningi w szk\u00f3\u0142ce mo\u017cesz powtarza\u0107 co miesi\u0105c[\/vc_column_text][\/vc_column][vc_column][vc_separator type=&#8221;normal&#8221;][vc_empty_space][vc_column_text]<\/p>\n<p style=\"text-align: center;\">sam wykupujesz karnet i sam zapisujesz si\u0119 na treningi zgodnie z <span style=\"color: #000000;\"><a style=\"color: #000000;\" href=\"https:\/\/app.wtw.waw.pl\/pl\/grafik-treningow\">kalendarzem&nbsp;&nbsp;<\/a><\/span><strong><br \/>\n<\/strong><\/p>\n<p style=\"text-align: center;\"><strong>cena: 390 z\u0142 (karnet OPEN, wa\u017cno\u015b\u0107 30 dni)&nbsp;<\/strong><\/p>\n<p>[\/vc_column_text][\/vc_column][\/vc_row][vc_row css_animation=&#8221;&#8221; row_type=&#8221;row&#8221; use_row_as_full_screen_section=&#8221;no&#8221; type=&#8221;full_width&#8221; angled_section=&#8221;no&#8221; text_align=&#8221;left&#8221; background_image_as_pattern=&#8221;without_pattern&#8221;][vc_column width=&#8221;1\/2&#8243;][vc_single_image image=&#8221;35989&#8243; img_size=&#8221;medium&#8221; qode_css_animation=&#8221;&#8221;][\/vc_column][vc_column width=&#8221;1\/2&#8243;][vc_column_text css=&#8221;.vc_custom_1753694382471{padding-top: 30px !important;}&#8221;]&nbsp;<\/p>\n<p>1. po sko\u0144czeniu nauki w szk\u00f3\u0142ce, przechodzisz poziom wy\u017cej (status zmienia trener)<\/p>\n<p>2. nie potrzebujemy Twojej deklaracji, gdy\u017c jeste\u015b ju\u017c zarejestrowany<\/p>\n<p>3. mailowo otrzymujesz login i has\u0142o do swojego konta w naszym systemie<\/p>\n<p>4. sam wykupujesz karnet (PayU) i sam <strong><a href=\"https:\/\/app.wtw.waw.pl\/pl\/grafik-treningow\">zapisujesz si\u0119 on-line na treningi<\/a> <\/strong>dedykowane dla statusu: AMATOR<br \/>\n&nbsp; &nbsp;&nbsp;<\/p>\n<p>* zapisy na treningi tylko dla os\u00f3b zarejestrowanych w bazie WTW Warszawa<\/p>\n<p>&nbsp;<\/p>\n<p>&nbsp;[\/vc_column_text][\/vc_column][vc_column][vc_empty_space][vc_empty_space][\/vc_column][vc_column][vc_separator type=&#8221;normal&#8221;][vc_column_text]<\/p>\n<p style=\"text-align: center;\">sam wykupujesz karnet i sam zapisujesz si\u0119 na treningi zgodnie z <span style=\"color: #000000;\"><a style=\"color: #000000;\" href=\"https:\/\/app.wtw.waw.pl\/pl\/grafik-treningow\">kalendarzem&nbsp;<\/a><\/span><strong><br \/>\n<\/strong><\/p>\n<p style=\"text-align: center;\"><strong>cena: 390 z\u0142 (karnet OPEN, wa\u017cno\u015b\u0107 30 dni) ,<\/strong><\/p>\n<p style=\"text-align: center;\">&nbsp;<\/p>\n<p>[\/vc_column_text][\/vc_column][\/vc_row][vc_row css_animation=&#8221;&#8221; row_type=&#8221;row&#8221; use_row_as_full_screen_section=&#8221;no&#8221; type=&#8221;full_width&#8221; angled_section=&#8221;no&#8221; text_align=&#8221;left&#8221; background_image_as_pattern=&#8221;without_pattern&#8221;][vc_column width=&#8221;1\/2&#8243;][vc_single_image image=&#8221;35992&#8243; img_size=&#8221;medium&#8221; qode_css_animation=&#8221;&#8221;][\/vc_column][vc_column width=&#8221;1\/2&#8243;][vc_column_text css=&#8221;.vc_custom_1753711668111{padding-top: 30px !important;}&#8221;]&nbsp;<\/p>\n<p>1. je\u017celi Tw\u00f3j poziom wios\u0142owania jest na tym poziomie, trener zmieni Tw\u00f3j status w systemie<\/p>\n<p>2. nie potrzebujemy Twojej deklaracji, gdy\u017c jeste\u015b ju\u017c zarejestrowany<\/p>\n<p>3. mailowo otrzymasz login i has\u0142o do swojego konta (dane do logowania mog\u0142e\u015b ju\u017c otrzyma\u0107 wcze\u015bniej na poziomie AMATOR)<\/p>\n<p>4. sam wykupujesz karnet ( szybkie p\u0142atno\u015bci PayU) i sam <strong><a href=\"https:\/\/app.wtw.waw.pl\/pl\/grafik-treningow\">zapisujesz si\u0119 on-line na treningi<\/a><\/strong><\/p>\n<p>&nbsp;<\/p>\n<p>* zapisy na treningi mo\u017cliwe tylko dla os\u00f3b zarejestrowanych w systemie WTW Warszawa<\/p>\n<p>&nbsp;<\/p>\n<p>&nbsp;[\/vc_column_text][\/vc_column][\/vc_row][vc_row css_animation=&#8221;&#8221; row_type=&#8221;row&#8221; use_row_as_full_screen_section=&#8221;no&#8221; type=&#8221;full_width&#8221; angled_section=&#8221;no&#8221; text_align=&#8221;left&#8221; background_image_as_pattern=&#8221;without_pattern&#8221;][vc_column][vc_empty_space][vc_empty_space][vc_empty_space][vc_empty_space][vc_text_separator title=&#8221;W RAMACH ZAJ\u0118\u0106 OFERUJEMY:&#8221; border=&#8221;no&#8221;][vc_column_text css=&#8221;.vc_custom_1753697563434{padding-top: 30px !important;}&#8221;]&nbsp;<\/p>\n<p style=\"text-align: left;\">&#8211; podstawy wios\u0142owania z wykorzystaniem basenu wio\u015blarskiego<\/p>\n<p style=\"text-align: left;\">&#8211; technika wios\u0142owania na ergometrach wio\u015blarskich<\/p>\n<p style=\"text-align: left;\">&#8211; \u0107wiczenia wzmacniaj\u0105ce na si\u0142owni<\/p>\n<p style=\"text-align: left;\">&#8211; wios\u0142owanie w basenie portu Czerniakowskiego i na rzece Wi\u015ble&nbsp;<\/p>\n<p style=\"text-align: left;\">&#8211; sauna (w okresie jesienno &#8211; zimowym)<\/p>\n<p style=\"text-align: left;\">\u2013 nauka zasad bezpiecze\u0144stwa<\/p>\n<p style=\"text-align: left;\">&#8211; sp\u0142ywy wio\u015blarskie&nbsp;<\/p>\n<p style=\"text-align: left;\">&#8211; obozy i wyjazdy na zawody<\/p>\n<p>&nbsp;<\/p>\n<p>&nbsp;<\/p>\n<hr>\n<p><a href=\"https:\/\/wpserwis.cfolks.pl\/r2\/wp-content\/uploads\/2019\/12\/regulamin-zaj%C4%99%C4%87-komercyjnych-stw.pdf\">Regulamin zaj\u0119\u0107 komercyjnych STW<\/a><\/p>\n<p><a href=\"https:\/\/wpserwis.cfolks.pl\/r2\/wp-content\/uploads\/2019\/12\/RODO-dla-cz%C5%82onka-wspieraj%C4%85cego.pdf\">Klauzula informacyjna o przetwarzaniu danych osobowych<\/a><\/p>\n<p style=\"text-align: center;\">&nbsp;<\/p>\n<p>[\/vc_column_text][\/vc_column][\/vc_row][vc_row css_animation=&#8221;&#8221; row_type=&#8221;row&#8221; use_row_as_full_screen_section=&#8221;no&#8221; type=&#8221;full_width&#8221; angled_section=&#8221;no&#8221; text_align=&#8221;left&#8221; background_image_as_pattern=&#8221;without_pattern&#8221;][vc_column][button size=&#8221;big_large_full_width&#8221; style=&#8221;white&#8221; target=&#8221;_self&#8221; hover_type=&#8221;default&#8221; text=&#8221;KALENDARZ TRENING\u00d3W&#8221; link=&#8221;https:\/\/app.wtw.waw.pl\/pl\/grafik-treningow&#8221;][vc_empty_space][vc_empty_space][vc_empty_space][vc_empty_space][\/vc_column][\/vc_row]<\/p>\n","protected":false},"excerpt":{"rendered":"<p>[vc_row css_animation=&#8221;&#8221; row_type=&#8221;row&#8221; use_row_as_full_screen_section=&#8221;no&#8221; type=&#8221;full_width&#8221; angled_section=&#8221;no&#8221; text_align=&#8221;left&#8221; background_image_as_pattern=&#8221;without_pattern&#8221;][vc_column][vc_single_image image=&#8221;33237&#8243; img_size=&#8221;full&#8221; qode_css_animation=&#8221;&#8221;][\/vc_column][\/vc_row][vc_row css_animation=&#8221;&#8221; row_type=&#8221;row&#8221; use_row_as_full_screen_section=&#8221;no&#8221; type=&#8221;full_width&#8221; angled_section=&#8221;no&#8221; text_align=&#8221;left&#8221; background_image_as_pattern=&#8221;without_pattern&#8221;][vc_column][vc_empty_space][vc_empty_space][vc_column_text css=&#8221;.vc_custom_1754037203212{padding-top: 30px !important;}&#8221;] &nbsp; JAK ZAPISA\u0106 SI\u0118 NA TRENINGI ? Miejsce trening\u00f3w, obiekty WTW: Wio\u015blarska 6&nbsp; i&nbsp; Zaruskiego 12 &nbsp; &nbsp; &nbsp; [\/vc_column_text][vc_empty_space][vc_separator type=&#8221;normal&#8221;][vc_column_text] miesi\u0119czny kurs nauki wios\u0142owania, 8 trening\u00f3w w miesi\u0105cu, dwa treningi w tygodniu (treningi [&hellip;]<\/p>\n","protected":false},"author":1,"featured_media":32049,"parent":0,"menu_order":0,"comment_status":"closed","ping_status":"closed","template":"","meta":{"_acf_changed":false,"footnotes":""},"class_list":["post-19128","page","type-page","status-publish","has-post-thumbnail","hentry"],"acf":[],"_links":{"self":[{"href":"https:\/\/wpserwis.cfolks.pl\/r2\/wp-json\/wp\/v2\/pages\/19128","targetHints":{"allow":["GET"]}}],"collection":[{"href":"https:\/\/wpserwis.cfolks.pl\/r2\/wp-json\/wp\/v2\/pages"}],"about":[{"href":"https:\/\/wpserwis.cfolks.pl\/r2\/wp-json\/wp\/v2\/types\/page"}],"author":[{"embeddable":true,"href":"https:\/\/wpserwis.cfolks.pl\/r2\/wp-json\/wp\/v2\/users\/1"}],"replies":[{"embeddable":true,"href":"https:\/\/wpserwis.cfolks.pl\/r2\/wp-json\/wp\/v2\/comments?post=19128"}],"version-history":[{"count":0,"href":"https:\/\/wpserwis.cfolks.pl\/r2\/wp-json\/wp\/v2\/pages\/19128\/revisions"}],"wp:featuredmedia":[{"embeddable":true,"href":"https:\/\/wpserwis.cfolks.pl\/r2\/wp-json\/"}],"wp:attachment":[{"href":"https:\/\/wpserwis.cfolks.pl\/r2\/wp-json\/wp\/v2\/media?parent=19128"}],"curies":[{"name":"wp","href":"https:\/\/api.w.org\/{rel}","templated":true}]}}