{"id":34908,"date":"2025-01-28T22:12:19","date_gmt":"2025-01-28T21:12:19","guid":{"rendered":"https:\/\/wtw.waw.pl\/?page_id=34908"},"modified":"2025-12-21T21:25:21","modified_gmt":"2025-12-21T20:25:21","slug":"polityka-ochrony-maloletnich","status":"publish","type":"page","link":"https:\/\/wpserwis.cfolks.pl\/r2\/polityka-ochrony-maloletnich\/","title":{"rendered":"Polityka Ochrony Ma\u0142oletnich"},"content":{"rendered":"<p>Warszawskie Towarzystwo Wio\u015blarskie ( WTW) przywi\u0105zuje najwy\u017csz\u0105 wag\u0119 do bezpiecze\u0144stwa i ochrony dzieci. W zwi\u0105zku z tym opracowali\u015bmy Polityk\u0119 Ochrony Ma\u0142oletnich, kt\u00f3rej celem jest zapewnienie bezpiecznego \u015brodowiska dla wszystkich m\u0142odych sportowc\u00f3w oraz uczestnik\u00f3w naszych projekt\u00f3w.<\/p>\n<p>Zapraszamy do zapoznania si\u0119 z dokumentami:<\/p>\n","protected":false},"excerpt":{"rendered":"<p>Warszawskie Towarzystwo Wio\u015blarskie ( WTW) przywi\u0105zuje najwy\u017csz\u0105 wag\u0119 do bezpiecze\u0144stwa i ochrony dzieci. W zwi\u0105zku z tym opracowali\u015bmy Polityk\u0119 Ochrony Ma\u0142oletnich, kt\u00f3rej celem jest zapewnienie bezpiecznego \u015brodowiska dla wszystkich m\u0142odych sportowc\u00f3w oraz uczestnik\u00f3w naszych projekt\u00f3w. Zapraszamy do zapoznania si\u0119 z dokumentami:<\/p>\n","protected":false},"author":1,"featured_media":16627,"parent":0,"menu_order":0,"comment_status":"closed","ping_status":"closed","template":"","meta":{"_acf_changed":false,"footnotes":""},"class_list":["post-34908","page","type-page","status-publish","has-post-thumbnail","hentry"],"acf":[],"_links":{"self":[{"href":"https:\/\/wpserwis.cfolks.pl\/r2\/wp-json\/wp\/v2\/pages\/34908","targetHints":{"allow":["GET"]}}],"collection":[{"href":"https:\/\/wpserwis.cfolks.pl\/r2\/wp-json\/wp\/v2\/pages"}],"about":[{"href":"https:\/\/wpserwis.cfolks.pl\/r2\/wp-json\/wp\/v2\/types\/page"}],"author":[{"embeddable":true,"href":"https:\/\/wpserwis.cfolks.pl\/r2\/wp-json\/wp\/v2\/users\/1"}],"replies":[{"embeddable":true,"href":"https:\/\/wpserwis.cfolks.pl\/r2\/wp-json\/wp\/v2\/comments?post=34908"}],"version-history":[{"count":2,"href":"https:\/\/wpserwis.cfolks.pl\/r2\/wp-json\/wp\/v2\/pages\/34908\/revisions"}],"predecessor-version":[{"id":38122,"href":"https:\/\/wpserwis.cfolks.pl\/r2\/wp-json\/wp\/v2\/pages\/34908\/revisions\/38122"}],"wp:featuredmedia":[{"embeddable":true,"href":"https:\/\/wpserwis.cfolks.pl\/r2\/wp-json\/wp\/v2\/media\/16627"}],"wp:attachment":[{"href":"https:\/\/wpserwis.cfolks.pl\/r2\/wp-json\/wp\/v2\/media?parent=34908"}],"curies":[{"name":"wp","href":"https:\/\/api.w.org\/{rel}","templated":true}]}}