{"id":38819,"date":"2025-12-29T22:59:35","date_gmt":"2025-12-29T21:59:35","guid":{"rendered":"https:\/\/wpserwis.cfolks.pl\/r2\/?page_id=38819"},"modified":"2025-12-30T13:14:51","modified_gmt":"2025-12-30T12:14:51","slug":"kronika-warszawskiego-towarzystwa-wioslarskiego","status":"publish","type":"page","link":"https:\/\/wpserwis.cfolks.pl\/r2\/kronika-warszawskiego-towarzystwa-wioslarskiego\/","title":{"rendered":"Kronika Warszawskiego Towarzystwa Wio\u015blarskiego"},"content":{"rendered":"<div class=\"acf-photo-gallery-wrapper my-5 \">\n<div class=\"acf-photo-gallery-grid\">\n<div class=\"row justify-content-center\">\n<div class=\"kronika col-6 col-sm-3 mb-4\">\n<figure class=\"acf-photo-item\" style=\"margin: 0;\"><a href=\"\/r2\/kronika-warszawskiego-towarzystwa-wioslarskiego\/kronika-wtw-tom-1-1878-1945\/\"><img loading=\"lazy\" decoding=\"async\" width=\"950\" height=\"1300\" class=\"alignnone size-large wp-image-39616\" src=\"https:\/\/wpserwis.cfolks.pl\/r2\/wp-content\/uploads\/2025\/12\/t01_cover.jpg\" alt=\"Kronika Warszawskiego Towarzystwa Wio\u015blarskiego - Tom 1 - 1878 - 1945\" srcset=\"https:\/\/wpserwis.cfolks.pl\/r2\/wp-content\/uploads\/2025\/12\/t01_cover.jpg 950w, https:\/\/wpserwis.cfolks.pl\/r2\/wp-content\/uploads\/2025\/12\/t01_cover-219x300.jpg 219w, https:\/\/wpserwis.cfolks.pl\/r2\/wp-content\/uploads\/2025\/12\/t01_cover-748x1024.jpg 748w, https:\/\/wpserwis.cfolks.pl\/r2\/wp-content\/uploads\/2025\/12\/t01_cover-768x1051.jpg 768w, https:\/\/wpserwis.cfolks.pl\/r2\/wp-content\/uploads\/2025\/12\/t01_cover-600x821.jpg 600w\" sizes=\"auto, (max-width: 950px) 100vw, 950px\" \/><\/a><\/p>\n<div class=\"gold-bar\"><\/div>\n<\/figure>\n<\/div>\n<div class=\"kronika col-6 col-sm-3 mb-4\">\n<figure class=\"acf-photo-item\" style=\"margin: 0;\"><a href=\"\/r2\/kronika-warszawskiego-towarzystwa-wioslarskiego\/kronika-wtw-tom-2-1945-1958\/\"><img loading=\"lazy\" decoding=\"async\" width=\"950\" height=\"1300\" class=\"alignnone size-large wp-image-39617\" src=\"https:\/\/wpserwis.cfolks.pl\/r2\/wp-content\/uploads\/2025\/12\/t02_cover.jpg\" alt=\"Kronika Warszawskiego Towarzystwa Wio\u015blarskiego - Tom 2 - 1945 - 1958\" srcset=\"https:\/\/wpserwis.cfolks.pl\/r2\/wp-content\/uploads\/2025\/12\/t02_cover.jpg 950w, https:\/\/wpserwis.cfolks.pl\/r2\/wp-content\/uploads\/2025\/12\/t02_cover-219x300.jpg 219w, https:\/\/wpserwis.cfolks.pl\/r2\/wp-content\/uploads\/2025\/12\/t02_cover-748x1024.jpg 748w, https:\/\/wpserwis.cfolks.pl\/r2\/wp-content\/uploads\/2025\/12\/t02_cover-768x1051.jpg 768w, https:\/\/wpserwis.cfolks.pl\/r2\/wp-content\/uploads\/2025\/12\/t02_cover-600x821.jpg 600w\" sizes=\"auto, (max-width: 950px) 100vw, 950px\" \/><\/a><\/p>\n<div class=\"blue-bar\"><\/div>\n<\/figure>\n<\/div>\n<div class=\"kronika col-6 col-sm-3 mb-4\">\n<figure class=\"acf-photo-item\" style=\"margin: 0;\"><a href=\"\/r2\/kronika-warszawskiego-towarzystwa-wioslarskiego\/kronika-wtw-tom-3-1878-1971-seniorzy\/\"><img loading=\"lazy\" decoding=\"async\" width=\"950\" height=\"1300\" class=\"alignnone size-large wp-image-39618\" src=\"https:\/\/wpserwis.cfolks.pl\/r2\/wp-content\/uploads\/2025\/12\/t03_cover.jpg\" alt=\"Kronika Warszawskiego Towarzystwa Wio\u015blarskiego - Tom 3 - 1878 - 1971 Seniorzy\" srcset=\"https:\/\/wpserwis.cfolks.pl\/r2\/wp-content\/uploads\/2025\/12\/t03_cover.jpg 950w, https:\/\/wpserwis.cfolks.pl\/r2\/wp-content\/uploads\/2025\/12\/t03_cover-219x300.jpg 219w, https:\/\/wpserwis.cfolks.pl\/r2\/wp-content\/uploads\/2025\/12\/t03_cover-748x1024.jpg 748w, https:\/\/wpserwis.cfolks.pl\/r2\/wp-content\/uploads\/2025\/12\/t03_cover-768x1051.jpg 768w, https:\/\/wpserwis.cfolks.pl\/r2\/wp-content\/uploads\/2025\/12\/t03_cover-600x821.jpg 600w\" sizes=\"auto, (max-width: 950px) 100vw, 950px\" \/><\/a><\/p>\n<div class=\"blue-bar\"><\/div>\n<\/figure>\n<\/div>\n<div class=\"kronika col-6 col-sm-3 mb-4\">\n<figure class=\"acf-photo-item\" style=\"margin: 0;\"><a href=\"\/r2\/kronika-warszawskiego-towarzystwa-wioslarskiego\/kronika-wtw-tom-4-1878\/\"><img loading=\"lazy\" decoding=\"async\" width=\"950\" height=\"1300\" class=\"alignnone size-large wp-image-39619\" src=\"https:\/\/wpserwis.cfolks.pl\/r2\/wp-content\/uploads\/2025\/12\/t04_cover.jpg\" alt=\"Kronika Warszawskiego Towarzystwa Wio\u015blarskiego - Tom 4 - 1878\" srcset=\"https:\/\/wpserwis.cfolks.pl\/r2\/wp-content\/uploads\/2025\/12\/t04_cover.jpg 950w, https:\/\/wpserwis.cfolks.pl\/r2\/wp-content\/uploads\/2025\/12\/t04_cover-219x300.jpg 219w, https:\/\/wpserwis.cfolks.pl\/r2\/wp-content\/uploads\/2025\/12\/t04_cover-748x1024.jpg 748w, https:\/\/wpserwis.cfolks.pl\/r2\/wp-content\/uploads\/2025\/12\/t04_cover-768x1051.jpg 768w, https:\/\/wpserwis.cfolks.pl\/r2\/wp-content\/uploads\/2025\/12\/t04_cover-600x821.jpg 600w\" sizes=\"auto, (max-width: 950px) 100vw, 950px\" \/><\/a><\/p>\n<div class=\"blue-bar\"><\/div>\n<\/figure>\n<\/div>\n<div class=\"kronika col-6 col-sm-3 mb-4\">\n<figure class=\"acf-photo-item\" style=\"margin: 0;\"><a href=\"\/r2\/kronika-warszawskiego-towarzystwa-wioslarskiego\/kronika-wtw-tom-5-1987\/\"><img loading=\"lazy\" decoding=\"async\" width=\"950\" height=\"1300\" class=\"alignnone size-large wp-image-39620\" src=\"https:\/\/wpserwis.cfolks.pl\/r2\/wp-content\/uploads\/2025\/12\/t05_cover.jpg\" alt=\"Kronika Warszawskiego Towarzystwa Wio\u015blarskiego - Tom 5 - 1987\" srcset=\"https:\/\/wpserwis.cfolks.pl\/r2\/wp-content\/uploads\/2025\/12\/t05_cover.jpg 950w, https:\/\/wpserwis.cfolks.pl\/r2\/wp-content\/uploads\/2025\/12\/t05_cover-219x300.jpg 219w, https:\/\/wpserwis.cfolks.pl\/r2\/wp-content\/uploads\/2025\/12\/t05_cover-748x1024.jpg 748w, https:\/\/wpserwis.cfolks.pl\/r2\/wp-content\/uploads\/2025\/12\/t05_cover-768x1051.jpg 768w, https:\/\/wpserwis.cfolks.pl\/r2\/wp-content\/uploads\/2025\/12\/t05_cover-600x821.jpg 600w\" sizes=\"auto, (max-width: 950px) 100vw, 950px\" \/><\/a><\/p>\n<div class=\"blue-bar\"><\/div>\n<\/figure>\n<\/div>\n<div class=\"kronika col-6 col-sm-3 mb-4\">\n<figure class=\"acf-photo-item\" style=\"margin: 0;\"><a href=\"\/r2\/kronika-warszawskiego-towarzystwa-wioslarskiego\/kronika-wtw-tom-6-1977-1987\/\"><img loading=\"lazy\" decoding=\"async\" width=\"950\" height=\"1300\" class=\"alignnone size-full wp-image-39621\" src=\"https:\/\/wpserwis.cfolks.pl\/r2\/wp-content\/uploads\/2025\/12\/t06_cover.jpg\" alt=\"Kronika Warszawskiego Towarzystwa Wio\u015blarskiego - Tom 6 - 1977 - 1987\" srcset=\"https:\/\/wpserwis.cfolks.pl\/r2\/wp-content\/uploads\/2025\/12\/t06_cover.jpg 950w, https:\/\/wpserwis.cfolks.pl\/r2\/wp-content\/uploads\/2025\/12\/t06_cover-219x300.jpg 219w, https:\/\/wpserwis.cfolks.pl\/r2\/wp-content\/uploads\/2025\/12\/t06_cover-748x1024.jpg 748w, https:\/\/wpserwis.cfolks.pl\/r2\/wp-content\/uploads\/2025\/12\/t06_cover-768x1051.jpg 768w, https:\/\/wpserwis.cfolks.pl\/r2\/wp-content\/uploads\/2025\/12\/t06_cover-600x821.jpg 600w\" sizes=\"auto, (max-width: 950px) 100vw, 950px\" \/><\/a><\/p>\n<div class=\"blue-bar\"><\/div>\n<\/figure>\n<\/div>\n<\/div>\n<\/div>\n<\/div>\n<p class=\"text-center\"><strong>Projekt &#8222;Digitalizacja Kronik Warszawskiego Towarzystwa Wio\u015blarskiego&#8221; jest finansowany ze \u015brodk\u00f3w Miasta Sto\u0142ecznego Warszawy. <\/strong><\/p>\n","protected":false},"excerpt":{"rendered":"<p>Projekt &#8222;Digitalizacja Kronik Warszawskiego Towarzystwa Wio\u015blarskiego&#8221; jest finansowany ze \u015brodk\u00f3w Miasta Sto\u0142ecznego Warszawy.<\/p>\n","protected":false},"author":1,"featured_media":39654,"parent":0,"menu_order":0,"comment_status":"closed","ping_status":"closed","template":"","meta":{"_acf_changed":false,"footnotes":""},"class_list":["post-38819","page","type-page","status-publish","has-post-thumbnail","hentry"],"acf":[],"_links":{"self":[{"href":"https:\/\/wpserwis.cfolks.pl\/r2\/wp-json\/wp\/v2\/pages\/38819","targetHints":{"allow":["GET"]}}],"collection":[{"href":"https:\/\/wpserwis.cfolks.pl\/r2\/wp-json\/wp\/v2\/pages"}],"about":[{"href":"https:\/\/wpserwis.cfolks.pl\/r2\/wp-json\/wp\/v2\/types\/page"}],"author":[{"embeddable":true,"href":"https:\/\/wpserwis.cfolks.pl\/r2\/wp-json\/wp\/v2\/users\/1"}],"replies":[{"embeddable":true,"href":"https:\/\/wpserwis.cfolks.pl\/r2\/wp-json\/wp\/v2\/comments?post=38819"}],"version-history":[{"count":42,"href":"https:\/\/wpserwis.cfolks.pl\/r2\/wp-json\/wp\/v2\/pages\/38819\/revisions"}],"predecessor-version":[{"id":39661,"href":"https:\/\/wpserwis.cfolks.pl\/r2\/wp-json\/wp\/v2\/pages\/38819\/revisions\/39661"}],"wp:featuredmedia":[{"embeddable":true,"href":"https:\/\/wpserwis.cfolks.pl\/r2\/wp-json\/wp\/v2\/media\/39654"}],"wp:attachment":[{"href":"https:\/\/wpserwis.cfolks.pl\/r2\/wp-json\/wp\/v2\/media?parent=38819"}],"curies":[{"name":"wp","href":"https:\/\/api.w.org\/{rel}","templated":true}]}}