{"id":15960,"date":"2017-07-01T19:58:57","date_gmt":"2017-07-01T17:58:57","guid":{"rendered":"http:\/\/wtw1.home.pl\/www_wtwnowa\/?post_type=product&amp;p=15960"},"modified":"2017-07-01T19:58:57","modified_gmt":"2017-07-01T17:58:57","slug":"apaszka","status":"publish","type":"product","link":"https:\/\/wpserwis.cfolks.pl\/r2\/produkt\/apaszka\/","title":{"rendered":"APASZKA"},"content":{"rendered":"<p>Damska apaszka Warszawskiego Towarzystwa Wio\u015blarskiego.<\/p>\n<p>Materia\u0142: 100% jedwab (Milan\u00f3wek)<\/p>\n","protected":false},"excerpt":{"rendered":"<p>Damska apaszka Warszawskiego Towarzystwa Wio\u015blarskiego. Materia\u0142: 100% jedwab (Milan\u00f3wek)<\/p>\n","protected":false},"featured_media":15961,"comment_status":"closed","ping_status":"closed","template":"","meta":{"_acf_changed":false},"product_brand":[],"product_cat":[57,67],"product_tag":[],"class_list":{"0":"post-15960","1":"product","2":"type-product","3":"status-publish","4":"has-post-thumbnail","6":"product_cat-akcesoria","7":"product_cat-lifestyle","9":"first","10":"instock","11":"shipping-taxable","12":"purchasable","13":"product-type-simple"},"acf":[],"_links":{"self":[{"href":"https:\/\/wpserwis.cfolks.pl\/r2\/wp-json\/wp\/v2\/product\/15960","targetHints":{"allow":["GET"]}}],"collection":[{"href":"https:\/\/wpserwis.cfolks.pl\/r2\/wp-json\/wp\/v2\/product"}],"about":[{"href":"https:\/\/wpserwis.cfolks.pl\/r2\/wp-json\/wp\/v2\/types\/product"}],"replies":[{"embeddable":true,"href":"https:\/\/wpserwis.cfolks.pl\/r2\/wp-json\/wp\/v2\/comments?post=15960"}],"wp:featuredmedia":[{"embeddable":true,"href":"https:\/\/wpserwis.cfolks.pl\/r2\/wp-json\/wp\/v2\/media\/15961"}],"wp:attachment":[{"href":"https:\/\/wpserwis.cfolks.pl\/r2\/wp-json\/wp\/v2\/media?parent=15960"}],"wp:term":[{"taxonomy":"product_brand","embeddable":true,"href":"https:\/\/wpserwis.cfolks.pl\/r2\/wp-json\/wp\/v2\/product_brand?post=15960"},{"taxonomy":"product_cat","embeddable":true,"href":"https:\/\/wpserwis.cfolks.pl\/r2\/wp-json\/wp\/v2\/product_cat?post=15960"},{"taxonomy":"product_tag","embeddable":true,"href":"https:\/\/wpserwis.cfolks.pl\/r2\/wp-json\/wp\/v2\/product_tag?post=15960"}],"curies":[{"name":"wp","href":"https:\/\/api.w.org\/{rel}","templated":true}]}}