{"id":23766,"date":"2025-06-24T12:30:22","date_gmt":"2025-06-24T10:30:22","guid":{"rendered":"https:\/\/wtw.waw.pl\/?post_type=product&#038;p=23766"},"modified":"2025-12-23T11:46:23","modified_gmt":"2025-12-23T10:46:23","slug":"bluza-lifestyle","status":"publish","type":"product","link":"https:\/\/wpserwis.cfolks.pl\/r2\/produkt\/bluza-lifestyle\/","title":{"rendered":"KURTKA LIFESTYLE"},"content":{"rendered":"<p>Super kurtka lifestyle WTW Warszawa. Typ bejsbol\u00f3wka. Kolor granatowy.<\/p>\n<p>Kurtka unisex, lekko ocieplona. Mankiety i d\u00f3\u0142 ze \u015bci\u0105gaczem. Boczne kieszenie z zapi\u0119ciem na suwak.<\/p>\n<p>Wn\u0119trze wy\u0142o\u017cone lekko ocieplon\u0105 podszewk\u0105. Guziki plastikowe na zatrzaski w kontrastowym kolorze.<\/p>\n<p>Na piersi naszywka chenille z liter\u0105 W, pod ni\u0105 haftowana nazwa klubu. Na lewym ramieniu elastomer herb klubu. Na plecach nadruk w technice dtf.<\/p>\n<p>&nbsp;<\/p>\n","protected":false},"excerpt":{"rendered":"<p>&nbsp;<\/p>\n<p>Materia\u0142:<\/p>\n<p>na zewn\u0105trz: 100% poliester, tafta<\/p>\n<p>Wy\u015bci\u00f3\u0142ka: 100% poliester<\/p>\n<p>Podszewka: 100% poliester<\/p>\n<p>gramatura: 220g\/m\u00b2<\/p>\n<p>&nbsp;<\/p>\n","protected":false},"featured_media":38298,"comment_status":"closed","ping_status":"closed","template":"","meta":{"_acf_changed":false},"product_brand":[],"product_cat":[67,80],"product_tag":[],"class_list":{"0":"post-23766","1":"product","2":"type-product","3":"status-publish","4":"has-post-thumbnail","6":"product_cat-lifestyle","7":"product_cat-sport","9":"first","10":"instock","11":"featured","12":"shipping-taxable","13":"purchasable","14":"product-type-variable"},"acf":[],"_links":{"self":[{"href":"https:\/\/wpserwis.cfolks.pl\/r2\/wp-json\/wp\/v2\/product\/23766","targetHints":{"allow":["GET"]}}],"collection":[{"href":"https:\/\/wpserwis.cfolks.pl\/r2\/wp-json\/wp\/v2\/product"}],"about":[{"href":"https:\/\/wpserwis.cfolks.pl\/r2\/wp-json\/wp\/v2\/types\/product"}],"replies":[{"embeddable":true,"href":"https:\/\/wpserwis.cfolks.pl\/r2\/wp-json\/wp\/v2\/comments?post=23766"}],"wp:featuredmedia":[{"embeddable":true,"href":"https:\/\/wpserwis.cfolks.pl\/r2\/wp-json\/wp\/v2\/media\/38298"}],"wp:attachment":[{"href":"https:\/\/wpserwis.cfolks.pl\/r2\/wp-json\/wp\/v2\/media?parent=23766"}],"wp:term":[{"taxonomy":"product_brand","embeddable":true,"href":"https:\/\/wpserwis.cfolks.pl\/r2\/wp-json\/wp\/v2\/product_brand?post=23766"},{"taxonomy":"product_cat","embeddable":true,"href":"https:\/\/wpserwis.cfolks.pl\/r2\/wp-json\/wp\/v2\/product_cat?post=23766"},{"taxonomy":"product_tag","embeddable":true,"href":"https:\/\/wpserwis.cfolks.pl\/r2\/wp-json\/wp\/v2\/product_tag?post=23766"}],"curies":[{"name":"wp","href":"https:\/\/api.w.org\/{rel}","templated":true}]}}