{"id":35218,"date":"2025-04-25T15:07:45","date_gmt":"2025-04-25T13:07:45","guid":{"rendered":"https:\/\/wtw.waw.pl\/?post_type=product&amp;p=35218"},"modified":"2025-04-25T15:07:45","modified_gmt":"2025-04-25T13:07:45","slug":"apaszka-copy","status":"publish","type":"product","link":"https:\/\/wpserwis.cfolks.pl\/r2\/produkt\/apaszka-copy\/","title":{"rendered":"KRAWAT KLUBOWY"},"content":{"rendered":"<p>Oficjalny krawat Warszawskiego Towarzystwa Wio\u015blarskiego.<\/p>\n<p>Materia\u0142: tkanina twill w delikatne pr\u0105\u017cki.<\/p>\n","protected":false},"excerpt":{"rendered":"<p>Oficjalny krawat Warszawskiego Towarzystwa Wio\u015blarskiego. Materia\u0142: tkanina twill w delikatne pr\u0105\u017cki.<\/p>\n","protected":false},"featured_media":35246,"comment_status":"closed","ping_status":"closed","template":"","meta":{"_acf_changed":false},"product_brand":[],"product_cat":[57,67],"product_tag":[],"class_list":{"0":"post-35218","1":"product","2":"type-product","3":"status-publish","4":"has-post-thumbnail","6":"product_cat-akcesoria","7":"product_cat-lifestyle","9":"first","10":"instock","11":"featured","12":"shipping-taxable","13":"purchasable","14":"product-type-simple"},"acf":[],"_links":{"self":[{"href":"https:\/\/wpserwis.cfolks.pl\/r2\/wp-json\/wp\/v2\/product\/35218","targetHints":{"allow":["GET"]}}],"collection":[{"href":"https:\/\/wpserwis.cfolks.pl\/r2\/wp-json\/wp\/v2\/product"}],"about":[{"href":"https:\/\/wpserwis.cfolks.pl\/r2\/wp-json\/wp\/v2\/types\/product"}],"replies":[{"embeddable":true,"href":"https:\/\/wpserwis.cfolks.pl\/r2\/wp-json\/wp\/v2\/comments?post=35218"}],"wp:featuredmedia":[{"embeddable":true,"href":"https:\/\/wpserwis.cfolks.pl\/r2\/wp-json\/"}],"wp:attachment":[{"href":"https:\/\/wpserwis.cfolks.pl\/r2\/wp-json\/wp\/v2\/media?parent=35218"}],"wp:term":[{"taxonomy":"product_brand","embeddable":true,"href":"https:\/\/wpserwis.cfolks.pl\/r2\/wp-json\/wp\/v2\/product_brand?post=35218"},{"taxonomy":"product_cat","embeddable":true,"href":"https:\/\/wpserwis.cfolks.pl\/r2\/wp-json\/wp\/v2\/product_cat?post=35218"},{"taxonomy":"product_tag","embeddable":true,"href":"https:\/\/wpserwis.cfolks.pl\/r2\/wp-json\/wp\/v2\/product_tag?post=35218"}],"curies":[{"name":"wp","href":"https:\/\/api.w.org\/{rel}","templated":true}]}}