{"id":35220,"date":"2025-04-25T15:33:16","date_gmt":"2025-04-25T13:33:16","guid":{"rendered":"https:\/\/wtw.waw.pl\/?post_type=product&#038;p=35220"},"modified":"2025-12-03T12:55:21","modified_gmt":"2025-12-03T11:55:21","slug":"bluza-lifestyle-copy-2","status":"publish","type":"product","link":"https:\/\/wpserwis.cfolks.pl\/r2\/produkt\/bluza-lifestyle-copy-2\/","title":{"rendered":"BLUZA TRENINGOWA"},"content":{"rendered":"<p>Bluza treningowa WTW Warszawa w\u0142oskiej marki sportowej Errea. Idealnie sprawdzaj\u0105ca si\u0119 podczas aktywno\u015bci fizycznej w ch\u0142odniejsze dni. Wyposa\u017cona w zamek o d\u0142ugo\u015bci 1\/3, regulowan\u0105 gumk\u0119 ukryt\u0105 po wewn\u0119trznej stronie oraz elastyczne mankiety r\u0119kaw\u00f3w. Jej lekko dopasowany kr\u00f3j idealnie dopasowuje si\u0119 do sylwetki. Szata graficzna bluzy wyr\u00f3\u017cnia si\u0119 ciekawym wzorem w postaci kontrastuj\u0105cych element\u00f3w materia\u0142u w sublimacji. Nadruki w technice dtf.<\/p>\n","protected":false},"excerpt":{"rendered":"<p>Materia\u0142:<\/p>\n<p>100% poliester<\/p>\n<p>160 g\/mq<\/p>\n<p>&nbsp;<\/p>\n<p>&nbsp;<\/p>\n","protected":false},"featured_media":37723,"comment_status":"closed","ping_status":"closed","template":"","meta":{"_acf_changed":false},"product_brand":[],"product_cat":[67,70,80],"product_tag":[],"class_list":{"0":"post-35220","1":"product","2":"type-product","3":"status-publish","4":"has-post-thumbnail","6":"product_cat-lifestyle","7":"product_cat-nowosci","8":"product_cat-sport","10":"first","11":"instock","12":"featured","13":"shipping-taxable","14":"purchasable","15":"product-type-variable"},"acf":[],"_links":{"self":[{"href":"https:\/\/wpserwis.cfolks.pl\/r2\/wp-json\/wp\/v2\/product\/35220","targetHints":{"allow":["GET"]}}],"collection":[{"href":"https:\/\/wpserwis.cfolks.pl\/r2\/wp-json\/wp\/v2\/product"}],"about":[{"href":"https:\/\/wpserwis.cfolks.pl\/r2\/wp-json\/wp\/v2\/types\/product"}],"replies":[{"embeddable":true,"href":"https:\/\/wpserwis.cfolks.pl\/r2\/wp-json\/wp\/v2\/comments?post=35220"}],"wp:featuredmedia":[{"embeddable":true,"href":"https:\/\/wpserwis.cfolks.pl\/r2\/wp-json\/wp\/v2\/media\/37723"}],"wp:attachment":[{"href":"https:\/\/wpserwis.cfolks.pl\/r2\/wp-json\/wp\/v2\/media?parent=35220"}],"wp:term":[{"taxonomy":"product_brand","embeddable":true,"href":"https:\/\/wpserwis.cfolks.pl\/r2\/wp-json\/wp\/v2\/product_brand?post=35220"},{"taxonomy":"product_cat","embeddable":true,"href":"https:\/\/wpserwis.cfolks.pl\/r2\/wp-json\/wp\/v2\/product_cat?post=35220"},{"taxonomy":"product_tag","embeddable":true,"href":"https:\/\/wpserwis.cfolks.pl\/r2\/wp-json\/wp\/v2\/product_tag?post=35220"}],"curies":[{"name":"wp","href":"https:\/\/api.w.org\/{rel}","templated":true}]}}