{"id":38278,"date":"2025-12-23T11:37:32","date_gmt":"2025-12-23T10:37:32","guid":{"rendered":"https:\/\/wpserwis.cfolks.pl\/r2\/?post_type=product&#038;p=38278"},"modified":"2025-12-23T11:40:53","modified_gmt":"2025-12-23T10:40:53","slug":"koszulka-wtw-warszawa","status":"publish","type":"product","link":"https:\/\/wpserwis.cfolks.pl\/r2\/produkt\/koszulka-wtw-warszawa\/","title":{"rendered":"KOSZULKA WTW WARSZAWA"},"content":{"rendered":"<p>Granatowa koszulka z napisem Warszawskie Towarzystwo Wio\u015blarskie, z przyjemnie mi\u0119kkiej mieszanki bawe\u0142ny i elastanu.<\/p>\n<p>Materia\u0142: bawe\u0142na (95 %), elastan (5 %)<\/p>\n<p>Kolor: marina blue<\/p>\n","protected":false},"excerpt":{"rendered":"<p>Granatowa koszulka z napisem Warszawskie Towarzystwo Wio\u015blarskie, z przyjemnie mi\u0119kkiej mieszanki bawe\u0142ny i elastanu. Materia\u0142: bawe\u0142na (95 %), elastan (5 %) Kolor: marina blue<\/p>\n","protected":false},"featured_media":38283,"comment_status":"closed","ping_status":"closed","template":"","meta":{"_acf_changed":false},"product_brand":[],"product_cat":[54],"product_tag":[],"class_list":{"0":"post-38278","1":"product","2":"type-product","3":"status-publish","4":"has-post-thumbnail","6":"product_cat-bez-kategorii","8":"first","9":"instock","10":"shipping-taxable","11":"purchasable","12":"product-type-variable"},"acf":[],"_links":{"self":[{"href":"https:\/\/wpserwis.cfolks.pl\/r2\/wp-json\/wp\/v2\/product\/38278","targetHints":{"allow":["GET"]}}],"collection":[{"href":"https:\/\/wpserwis.cfolks.pl\/r2\/wp-json\/wp\/v2\/product"}],"about":[{"href":"https:\/\/wpserwis.cfolks.pl\/r2\/wp-json\/wp\/v2\/types\/product"}],"replies":[{"embeddable":true,"href":"https:\/\/wpserwis.cfolks.pl\/r2\/wp-json\/wp\/v2\/comments?post=38278"}],"wp:featuredmedia":[{"embeddable":true,"href":"https:\/\/wpserwis.cfolks.pl\/r2\/wp-json\/wp\/v2\/media\/38283"}],"wp:attachment":[{"href":"https:\/\/wpserwis.cfolks.pl\/r2\/wp-json\/wp\/v2\/media?parent=38278"}],"wp:term":[{"taxonomy":"product_brand","embeddable":true,"href":"https:\/\/wpserwis.cfolks.pl\/r2\/wp-json\/wp\/v2\/product_brand?post=38278"},{"taxonomy":"product_cat","embeddable":true,"href":"https:\/\/wpserwis.cfolks.pl\/r2\/wp-json\/wp\/v2\/product_cat?post=38278"},{"taxonomy":"product_tag","embeddable":true,"href":"https:\/\/wpserwis.cfolks.pl\/r2\/wp-json\/wp\/v2\/product_tag?post=38278"}],"curies":[{"name":"wp","href":"https:\/\/api.w.org\/{rel}","templated":true}]}}