{"id":35,"date":"2025-08-13T10:53:15","date_gmt":"2025-08-13T08:53:15","guid":{"rendered":"https:\/\/wpserwis.cfolks.pl\/rodm\/?page_id=35"},"modified":"2025-08-19T15:01:58","modified_gmt":"2025-08-19T13:01:58","slug":"homepage","status":"publish","type":"page","link":"https:\/\/wpserwis.cfolks.pl\/rodm\/","title":{"rendered":"Homepage"},"content":{"rendered":"<p>Regionalny O\u015brodek Debaty Mi\u0119dzynarodowej (RODM) dolno\u015bl\u0105skie i opolskie to cz\u0119\u015b\u0107 sieci informacyjnej Ministerstwa Spraw Zagranicznych promuj\u0105cej polsk\u0105 polityk\u0119 zagraniczn\u0105. RODM dolno\u015bl\u0105skie i opolskie realizowany jest w latach 2025-2026 przez Centrum Stosunk\u00f3w Mi\u0119dzynarodowych oraz Instytut Spraw Obywatelskich.<\/p>\n<p>Naszym celem jest przybli\u017cenie mieszka\u0144com wojew\u00f3dztw dolno\u015bl\u0105skiego i opolskiego polityki zagranicznej oraz wzmocnienie kana\u0142\u00f3w wsp\u00f3\u0142pracy pomi\u0119dzy MSZ, samorz\u0105dem i organizacjami pozarz\u0105dowymi.<\/p>\n<p>10 o\u015brodk\u00f3w RODM animuje i inicjuje w regionie spotkania, debaty i inne wydarzenia z udzia\u0142em przedstawicieli najwa\u017cniejszych instytucji, uczelni, szk\u00f3\u0142, organizacji i o\u015brodk\u00f3w analityczno-badawczych, w trakcie kt\u00f3rych omawiana jest problematyka dotycz\u0105ca realizacji polskiej polityki zagranicznej w kontek\u015bcie regionalnym. Dzi\u0119ki sieci RODM mo\u017cliwa jest debata z zakresu problematyki mi\u0119dzynarodowej na poziomie regionalnym, z aktywnym udzia\u0142em lokalnych spo\u0142eczno\u015bci.<\/p>\n<p><strong>Sie\u0107 koordynowana jest przez Departament Komunikacji Strategicznej i Przeciwdzia\u0142ania Dezinformacji Mi\u0119dzynarodowej MSZ.<\/strong><\/p>\n","protected":false},"excerpt":{"rendered":"<p>Regionalny O\u015brodek Debaty Mi\u0119dzynarodowej (RODM) dolno\u015bl\u0105skie i opolskie to cz\u0119\u015b\u0107 sieci informacyjnej... <a href=\"https:\/\/wpserwis.cfolks.pl\/rodm\/\">&raquo;<\/a>","protected":false},"author":1,"featured_media":131,"parent":0,"menu_order":0,"comment_status":"closed","ping_status":"closed","template":"page-templates\/page-homepage.php","meta":{"_acf_changed":false,"footnotes":""},"class_list":["post-35","page","type-page","status-publish","has-post-thumbnail","hentry"],"acf":[],"_links":{"self":[{"href":"https:\/\/wpserwis.cfolks.pl\/rodm\/wp-json\/wp\/v2\/pages\/35","targetHints":{"allow":["GET"]}}],"collection":[{"href":"https:\/\/wpserwis.cfolks.pl\/rodm\/wp-json\/wp\/v2\/pages"}],"about":[{"href":"https:\/\/wpserwis.cfolks.pl\/rodm\/wp-json\/wp\/v2\/types\/page"}],"author":[{"embeddable":true,"href":"https:\/\/wpserwis.cfolks.pl\/rodm\/wp-json\/wp\/v2\/users\/1"}],"replies":[{"embeddable":true,"href":"https:\/\/wpserwis.cfolks.pl\/rodm\/wp-json\/wp\/v2\/comments?post=35"}],"version-history":[{"count":21,"href":"https:\/\/wpserwis.cfolks.pl\/rodm\/wp-json\/wp\/v2\/pages\/35\/revisions"}],"predecessor-version":[{"id":143,"href":"https:\/\/wpserwis.cfolks.pl\/rodm\/wp-json\/wp\/v2\/pages\/35\/revisions\/143"}],"wp:featuredmedia":[{"embeddable":true,"href":"https:\/\/wpserwis.cfolks.pl\/rodm\/wp-json\/wp\/v2\/media\/131"}],"wp:attachment":[{"href":"https:\/\/wpserwis.cfolks.pl\/rodm\/wp-json\/wp\/v2\/media?parent=35"}],"curies":[{"name":"wp","href":"https:\/\/api.w.org\/{rel}","templated":true}]}}