{"id":75,"date":"2025-08-14T11:15:24","date_gmt":"2025-08-14T09:15:24","guid":{"rendered":"https:\/\/wpserwis.cfolks.pl\/rodm\/?page_id=75"},"modified":"2025-08-25T12:18:52","modified_gmt":"2025-08-25T10:18:52","slug":"kontakt","status":"publish","type":"page","link":"https:\/\/wpserwis.cfolks.pl\/rodm\/kontakt\/","title":{"rendered":"Kontakt"},"content":{"rendered":"<div class=\"row\">\n<div class=\"col-12 col-sm-3 mt-3 mb-2\">\n<img loading=\"lazy\" decoding=\"async\" src=\"https:\/\/wpserwis.cfolks.pl\/rodm\/wp-content\/uploads\/2025\/08\/kew_logo_1.png\" alt=\"\" width=\"150\" height=\"105\" class=\"img-fluid\" \/>\n<\/div>\n<div class=\"col-12 col-sm-9 mt-2\">\n<h3><strong>Regionalny O\u015brodek Debaty Mi\u0119dzynarodowej<\/strong><\/h3>\n<p>wojew\u00f3dztwo dolno\u015bl\u0105skie i opolskie<br \/>\nul. Zamkowa 2,<br \/>\n55-330 Wojnowice<br \/>\n<i class=\"fas fa-envelope\" style=\"color: #ba001d; padding-right: 20px;\"><\/i><a href=\"mailto:rodm@10.rodm.pl\">rodm@10.rodm.pl<\/a>\n<\/div>\n<\/div>\n","protected":false},"excerpt":{"rendered":"<p>Regionalny O\u015brodek Debaty Mi\u0119dzynarodowej wojew\u00f3dztwo dolno\u015bl\u0105skie i opolskie ul. Zamkowa 2, 55-330... <a href=\"https:\/\/wpserwis.cfolks.pl\/rodm\/kontakt\/\">&raquo;<\/a>","protected":false},"author":1,"featured_media":0,"parent":0,"menu_order":0,"comment_status":"closed","ping_status":"closed","template":"page-templates\/page-kontakt.php","meta":{"_acf_changed":false,"footnotes":""},"class_list":["post-75","page","type-page","status-publish","hentry"],"acf":[],"_links":{"self":[{"href":"https:\/\/wpserwis.cfolks.pl\/rodm\/wp-json\/wp\/v2\/pages\/75","targetHints":{"allow":["GET"]}}],"collection":[{"href":"https:\/\/wpserwis.cfolks.pl\/rodm\/wp-json\/wp\/v2\/pages"}],"about":[{"href":"https:\/\/wpserwis.cfolks.pl\/rodm\/wp-json\/wp\/v2\/types\/page"}],"author":[{"embeddable":true,"href":"https:\/\/wpserwis.cfolks.pl\/rodm\/wp-json\/wp\/v2\/users\/1"}],"replies":[{"embeddable":true,"href":"https:\/\/wpserwis.cfolks.pl\/rodm\/wp-json\/wp\/v2\/comments?post=75"}],"version-history":[{"count":14,"href":"https:\/\/wpserwis.cfolks.pl\/rodm\/wp-json\/wp\/v2\/pages\/75\/revisions"}],"predecessor-version":[{"id":194,"href":"https:\/\/wpserwis.cfolks.pl\/rodm\/wp-json\/wp\/v2\/pages\/75\/revisions\/194"}],"wp:attachment":[{"href":"https:\/\/wpserwis.cfolks.pl\/rodm\/wp-json\/wp\/v2\/media?parent=75"}],"curies":[{"name":"wp","href":"https:\/\/api.w.org\/{rel}","templated":true}]}}