{"id":79,"date":"2025-08-14T11:15:50","date_gmt":"2025-08-14T09:15:50","guid":{"rendered":"https:\/\/wpserwis.cfolks.pl\/rodm\/?page_id=79"},"modified":"2025-08-21T10:43:07","modified_gmt":"2025-08-21T08:43:07","slug":"wolontariat-staz","status":"publish","type":"page","link":"https:\/\/wpserwis.cfolks.pl\/rodm\/wolontariat-staz\/","title":{"rendered":"Wolontariat \/ Sta\u017c"},"content":{"rendered":"<p>RODM poszukuje student\u00f3w, chc\u0105cych naby\u0107 do\u015bwiadczenie w pracy z lokalnymi samorz\u0105dami, mediami, organizacjami pozarz\u0105dowymi i spo\u0142eczno\u015bci\u0105 Dolnego \u015al\u0105ska i Opolszczyzny poprzez organizacj\u0119 i uczestnictwo w inicjatywach prowadzonych przez O\u015brodek. <\/p>\n<h3>Kogo potrzebujemy?<\/h3>\n<ul>\n<li>student\u00f3w prawa, historii, komunikacji wizerunkowej i dziennikarstwa oraz student\u00f3w nauk spo\u0142ecznych<\/li>\n<li>nie wymagamy dyplomu a jedynie otwarto\u015bci i zaanga\u017cowania w pracy<\/li>\n<li>student\u00f3w studiuj\u0105cych stacjonarnie lub zdalnie<\/li>\n<li>student\u00f3w dziennych i zaocznych<\/li>\n<\/ul>\n<h3>Czego mo\u017cna si\u0119 spodziewa\u0107 na sta\u017cu? <\/h3>\n<ul>\n<li>Umowy o realizacj\u0119 praktyk studenckich<\/li>\n<li>Prac zadaniowych: redakcji tekstu, prowadzenia promocji wydarze\u0144, tworzenia tre\u015bci do medi\u00f3w spo\u0142eczno\u015bciowych, tworzenia baz danych<\/li>\n<li>Zaanga\u017cowania w organizacj\u0119 wydarze\u0144: prowadzenia spotka\u0144, przygotowywania wywiad\u00f3w, przygotowywania zaprosze\u0144 i obs\u0142ugi wydarze\u0144<\/li>\n<li>pracy zdalnej i stacjonarnej w r\u00f3\u017cnych lokalizacjach na Dolnym \u015al\u0105sku i Opolszczy\u017anie<\/li>\n<\/ul>\n","protected":false},"excerpt":{"rendered":"<p>RODM poszukuje student\u00f3w, chc\u0105cych naby\u0107 do\u015bwiadczenie w pracy z lokalnymi samorz\u0105dami, mediami,... <a href=\"https:\/\/wpserwis.cfolks.pl\/rodm\/wolontariat-staz\/\">&raquo;<\/a>","protected":false},"author":1,"featured_media":0,"parent":0,"menu_order":0,"comment_status":"closed","ping_status":"closed","template":"page-templates\/page-sidebar-none.php","meta":{"_acf_changed":false,"footnotes":""},"class_list":["post-79","page","type-page","status-publish","hentry"],"acf":[],"_links":{"self":[{"href":"https:\/\/wpserwis.cfolks.pl\/rodm\/wp-json\/wp\/v2\/pages\/79","targetHints":{"allow":["GET"]}}],"collection":[{"href":"https:\/\/wpserwis.cfolks.pl\/rodm\/wp-json\/wp\/v2\/pages"}],"about":[{"href":"https:\/\/wpserwis.cfolks.pl\/rodm\/wp-json\/wp\/v2\/types\/page"}],"author":[{"embeddable":true,"href":"https:\/\/wpserwis.cfolks.pl\/rodm\/wp-json\/wp\/v2\/users\/1"}],"replies":[{"embeddable":true,"href":"https:\/\/wpserwis.cfolks.pl\/rodm\/wp-json\/wp\/v2\/comments?post=79"}],"version-history":[{"count":5,"href":"https:\/\/wpserwis.cfolks.pl\/rodm\/wp-json\/wp\/v2\/pages\/79\/revisions"}],"predecessor-version":[{"id":159,"href":"https:\/\/wpserwis.cfolks.pl\/rodm\/wp-json\/wp\/v2\/pages\/79\/revisions\/159"}],"wp:attachment":[{"href":"https:\/\/wpserwis.cfolks.pl\/rodm\/wp-json\/wp\/v2\/media?parent=79"}],"curies":[{"name":"wp","href":"https:\/\/api.w.org\/{rel}","templated":true}]}}